{"id":1327,"date":"2023-08-10T08:16:59","date_gmt":"2023-08-10T08:16:59","guid":{"rendered":"https:\/\/qnproducts.digital\/qlearn\/"},"modified":"2023-11-14T07:11:28","modified_gmt":"2023-11-14T07:11:28","slug":"qlearn","status":"publish","type":"page","link":"https:\/\/qnproducts.digital\/vi\/qlearn\/","title":{"rendered":"qLearn"},"content":{"rendered":"<p><strong>D\u1eaaN \u0110\u1ea6U S\u1ef0 THAY \u0110\u1ed4I M\u00c0 B\u1ea0N KHAO KH\u00c1T!<\/strong><\/p>\n<p>\u0110\u00e3 \u0111\u1ebfn th\u1eddi \u0111i\u1ec3m b\u1ea1n c\u1ea7n d\u1eabn \u0111\u1ea7u s\u1ef1 thay \u0111\u1ed5i m\u00e0 b\u1ea1n khao kh\u00e1t \u0111\u01b0\u1ee3c th\u1ea5y \u1edf th\u1ebf gi\u1edbi n\u00e0y! N\u1ebfu b\u1ea1n mong mu\u1ed1n \u0111\u01b0\u1ee3c n\u00e2ng c\u1ea5p v\u00e0 t\u1ea1o ra nhi\u1ec1u c\u01a1 h\u1ed9i cho b\u1ea3n th\u00e2n th\u00ec danh m\u1ee5c \u0111\u00e0o t\u1ea1o c\u1ee7a qLearn s\u1ebd gi\u00fap b\u1ea1n c\u00f3 n\u1ec1n t\u1ea3ng v\u1eefng ch\u1eafc cho s\u1ef1 v\u01b0\u1ee3t tr\u1ed9i c\u1ee7a m\u00ecnh, ch\u01b0\u01a1ng tr\u00ecnh \u0110\u00e0o t\u1ea1o c\u1ee7a QNET cung c\u1ea5p cho b\u1ea1n m\u1ed9t danh m\u1ee5c phong ph\u00fa c\u00e1c kh\u00f3a \u0111\u00e0o t\u1ea1o \u0111\u01b0\u1ee3c thi\u1ebft k\u1ebf \u0111\u1ec3 gi\u00fap b\u1ea1n th\u00e0nh c\u00f4ng v\u00e0 ki\u1ebfn t\u1ea1o s\u1ef1 thay \u0111\u1ed5i ph\u00f9 h\u1ee3p v\u1edbi th\u1ebf gi\u1edbi c\u1ee7a b\u1ea1n v\u00e0 c\u1ee7a nhi\u1ec1u ng\u01b0\u1eddi kh\u00e1c.<\/p>\n<p>qLearn l\u00e0 c\u1ed5ng ki\u1ebfn th\u1ee9c v\u00e0 k\u1ef9 n\u0103ng \u0111\u01b0\u1ee3c t\u1ea1o l\u1eadp d\u00e0nh cho c\u00e1c doanh nh\u00e2n \u0111\u1ea7y tham v\u1ecdng. C\u00e1c ch\u01b0\u01a1ng tr\u00ecnh c\u1ee7a qLearn s\u1ebd trang b\u1ecb cho b\u1ea1n c\u00e1c k\u1ef9 n\u0103ng c\u1ea7n thi\u1ebft \u0111\u1ec3 x\u00e2y d\u1ef1ng doanh nghi\u1ec7p v\u00e0 tr\u1edf th\u00e0nh ng\u01b0\u1eddi d\u1eabn \u0111\u1ea7u trong m\u1ed9t m\u00f4i tr\u01b0\u1eddng c\u00f3 t\u1ed1c \u0111\u1ed9 ph\u00e1t tri\u1ec3n nhanh.<\/p>\n","protected":false},"excerpt":{"rendered":"<p>D\u1eaaN \u0110\u1ea6U S\u1ef0 THAY \u0110\u1ed4I M\u00c0 B\u1ea0N KHAO KH\u00c1T! \u0110\u00e3 \u0111\u1ebfn th\u1eddi \u0111i\u1ec3m b\u1ea1n c\u1ea7n d\u1eabn \u0111\u1ea7u s\u1ef1 thay \u0111\u1ed5i m\u00e0 b\u1ea1n khao kh\u00e1t \u0111\u01b0\u1ee3c th\u1ea5y \u1edf th\u1ebf gi\u1edbi n\u00e0y! N\u1ebfu b\u1ea1n mong mu\u1ed1n \u0111\u01b0\u1ee3c n\u00e2ng c\u1ea5p v\u00e0 t\u1ea1o ra nhi\u1ec1u c\u01a1 h\u1ed9i cho b\u1ea3n th\u00e2n th\u00ec danh m\u1ee5c \u0111\u00e0o t\u1ea1o c\u1ee7a qLearn s\u1ebd gi\u00fap [&hellip;]<\/p>\n","protected":false},"author":3,"featured_media":1328,"parent":0,"menu_order":0,"comment_status":"closed","ping_status":"closed","template":"","meta":{"_acf_changed":false,"_et_pb_use_builder":"","_et_pb_old_content":"","_et_gb_content_width":"","footnotes":""},"class_list":["post-1327","page","type-page","status-publish","has-post-thumbnail","hentry"],"acf":[],"_links":{"self":[{"href":"https:\/\/qnproducts.digital\/vi\/wp-json\/wp\/v2\/pages\/1327","targetHints":{"allow":["GET"]}}],"collection":[{"href":"https:\/\/qnproducts.digital\/vi\/wp-json\/wp\/v2\/pages"}],"about":[{"href":"https:\/\/qnproducts.digital\/vi\/wp-json\/wp\/v2\/types\/page"}],"author":[{"embeddable":true,"href":"https:\/\/qnproducts.digital\/vi\/wp-json\/wp\/v2\/users\/3"}],"replies":[{"embeddable":true,"href":"https:\/\/qnproducts.digital\/vi\/wp-json\/wp\/v2\/comments?post=1327"}],"version-history":[{"count":0,"href":"https:\/\/qnproducts.digital\/vi\/wp-json\/wp\/v2\/pages\/1327\/revisions"}],"wp:featuredmedia":[{"embeddable":true,"href":"https:\/\/qnproducts.digital\/vi\/wp-json\/wp\/v2\/media\/1328"}],"wp:attachment":[{"href":"https:\/\/qnproducts.digital\/vi\/wp-json\/wp\/v2\/media?parent=1327"}],"curies":[{"name":"wp","href":"https:\/\/api.w.org\/{rel}","templated":true}]}}