{"id":1314,"date":"2023-08-16T12:30:23","date_gmt":"2023-08-16T12:30:23","guid":{"rendered":"https:\/\/qnproducts.digital\/homepure-viva\/"},"modified":"2023-11-14T07:01:37","modified_gmt":"2023-11-14T07:01:37","slug":"homepure-viva","status":"publish","type":"page","link":"https:\/\/qnproducts.digital\/vi\/home-and-living\/homepure-viva\/","title":{"rendered":"HomePure Viva"},"content":{"rendered":"<p><strong>M\u00e1y l\u1ecdc n\u01b0\u1edbc t\u1ea1o ion HomePure Viva<\/strong><br \/>\n<strong>Mang l\u1ea1i nhi\u1ec1u l\u1ee3i \u00edch h\u01a1n cho ngu\u1ed3n n\u01b0\u1edbc c\u1ee7a b\u1ea1n<\/strong><\/p>\n<p>Ch\u00fang ta s\u1eed d\u1ee5ng n\u01b0\u1edbc cho r\u1ea5t nhi\u1ec1u m\u1ee5c \u0111\u00edch trong cu\u1ed9c s\u1ed1ng h\u00e0ng ng\u00e0y t\u1ea1i gia \u0111\u00ecnh. T\u1eeb vi\u1ec7c pha tr\u00e0 \u0111\u1ebfn t\u01b0\u1edbi c\u00e2y hay lau s\u00e0n b\u1ebfp, danh s\u00e1ch nh\u1eefng vi\u1ec7c h\u00e0ng ng\u00e0y c\u1ea7n d\u00f9ng \u0111\u1ebfn n\u01b0\u1edbc d\u01b0\u1eddng nh\u01b0 v\u00f4 t\u1eadn.<\/p>\n<p>Tuy nhi\u00ean, vi\u1ec7c s\u1eed d\u1ee5ng c\u00f9ng m\u1ed9t lo\u1ea1i n\u01b0\u1edbc cho nhi\u1ec1u m\u1ee5c \u0111\u00edch kh\u00e1c nhau c\u00f3 th\u1ec3 kh\u00f4ng ph\u00f9 h\u1ee3p. V\u00ed d\u1ee5, \u0111\u1ed9 pH trong n\u01b0\u1edbc c\u00f3 t\u00ednh ki\u1ec1m, lo\u1ea1i n\u01b0\u1edbc u\u1ed1ng c\u00f3 l\u1ee3i nh\u1ea5t th\u1ebf gi\u1edbi cho s\u1ee9c kh\u1ecfe, r\u1ea5t kh\u00e1c so v\u1edbi \u0111\u1ed9 pH trong n\u01b0\u1edbc c\u00f3 t\u00ednh a-x\u00edt, lo\u1ea1i n\u01b0\u1edbc ph\u00f9 h\u1ee3p nh\u1ea5t \u0111\u1ec3 kh\u1eed tr\u00f9ng b\u00e0n b\u1ebfp c\u1ee7a b\u1ea1n. V\u1eady t\u1ea1i sao ch\u00fang ta l\u1ea1i d\u00f9ng chung m\u1ed9t lo\u1ea1i n\u01b0\u1edbc cho nhi\u1ec1u m\u1ee5c \u0111\u00edch s\u1eed d\u1ee5ng?<\/p>\n<p>M\u00e1y l\u1ecdc n\u01b0\u1edbc t\u1ea1o ion HomePure Viva bi\u1ebft c\u00e1ch t\u1ea1o ra lo\u1ea1i n\u01b0\u1edbc ph\u00f9 h\u1ee3p cho t\u1eebng m\u1ee5c \u0111\u00edch s\u1eed d\u1ee5ng b\u1eb1ng c\u00e1ch \u00e1p d\u1ee5ng ph\u01b0\u01a1ng ph\u00e1p \u0111i\u1ec7n ph\u00e2n \u0111\u1ec3 t\u00f9y ch\u1ec9nh n\u01b0\u1edbc m\u00e1y c\u1ee7a b\u1ea1n cho nhi\u1ec1u c\u00f4ng vi\u1ec7c. Cho d\u00f9 b\u1ea1n c\u1ea7n n\u01b0\u1edbc \u0111\u1ec3 u\u1ed1ng, l\u00e0m s\u1ea1ch, t\u1ea9y r\u1eeda hay s\u01a1 ch\u1ebf th\u1ef1c ph\u1ea9m, HomePure Viva s\u1ebd mang l\u1ea1i cho b\u1ea1n lo\u1ea1i 11 lo\u1ea1i n\u01b0\u1edbc ph\u00f9 h\u1ee3p v\u1edbi nhu c\u1ea7u s\u1eed d\u1ee5ng h\u00e0ng ng\u00e0y.<\/p>\n","protected":false},"excerpt":{"rendered":"<p>M\u00e1y l\u1ecdc n\u01b0\u1edbc t\u1ea1o ion HomePure Viva Mang l\u1ea1i nhi\u1ec1u l\u1ee3i \u00edch h\u01a1n cho ngu\u1ed3n n\u01b0\u1edbc c\u1ee7a b\u1ea1n Ch\u00fang ta s\u1eed d\u1ee5ng n\u01b0\u1edbc cho r\u1ea5t nhi\u1ec1u m\u1ee5c \u0111\u00edch trong cu\u1ed9c s\u1ed1ng h\u00e0ng ng\u00e0y t\u1ea1i gia \u0111\u00ecnh. T\u1eeb vi\u1ec7c pha tr\u00e0 \u0111\u1ebfn t\u01b0\u1edbi c\u00e2y hay lau s\u00e0n b\u1ebfp, danh s\u00e1ch nh\u1eefng vi\u1ec7c h\u00e0ng ng\u00e0y c\u1ea7n d\u00f9ng [&hellip;]<\/p>\n","protected":false},"author":3,"featured_media":1315,"parent":1316,"menu_order":0,"comment_status":"closed","ping_status":"closed","template":"","meta":{"_acf_changed":false,"_et_pb_use_builder":"","_et_pb_old_content":"","_et_gb_content_width":"","footnotes":""},"class_list":["post-1314","page","type-page","status-publish","has-post-thumbnail","hentry"],"acf":[],"_links":{"self":[{"href":"https:\/\/qnproducts.digital\/vi\/wp-json\/wp\/v2\/pages\/1314","targetHints":{"allow":["GET"]}}],"collection":[{"href":"https:\/\/qnproducts.digital\/vi\/wp-json\/wp\/v2\/pages"}],"about":[{"href":"https:\/\/qnproducts.digital\/vi\/wp-json\/wp\/v2\/types\/page"}],"author":[{"embeddable":true,"href":"https:\/\/qnproducts.digital\/vi\/wp-json\/wp\/v2\/users\/3"}],"replies":[{"embeddable":true,"href":"https:\/\/qnproducts.digital\/vi\/wp-json\/wp\/v2\/comments?post=1314"}],"version-history":[{"count":0,"href":"https:\/\/qnproducts.digital\/vi\/wp-json\/wp\/v2\/pages\/1314\/revisions"}],"up":[{"embeddable":true,"href":"https:\/\/qnproducts.digital\/vi\/wp-json\/wp\/v2\/pages\/1316"}],"wp:featuredmedia":[{"embeddable":true,"href":"https:\/\/qnproducts.digital\/vi\/wp-json\/wp\/v2\/media\/1315"}],"wp:attachment":[{"href":"https:\/\/qnproducts.digital\/vi\/wp-json\/wp\/v2\/media?parent=1314"}],"curies":[{"name":"wp","href":"https:\/\/api.w.org\/{rel}","templated":true}]}}