{"id":1296,"date":"2023-08-16T14:09:35","date_gmt":"2023-08-16T14:09:35","guid":{"rendered":"https:\/\/qnproducts.digital\/homepure-complete-water-line\/"},"modified":"2023-11-14T07:05:44","modified_gmt":"2023-11-14T07:05:44","slug":"homepure-complete-water-line","status":"publish","type":"page","link":"https:\/\/qnproducts.digital\/vi\/home-and-living\/homepure-complete-water-line\/","title":{"rendered":"HomePure Complete Water Line"},"content":{"rendered":"<p><strong>H\u1ec7 th\u1ed1ng l\u1ecdc n\u01b0\u1edbc ho\u00e0n ch\u1ec9nh HomePure<\/strong><\/p>\n<p>C\u00e1c v\u1ea5n \u0111\u1ec1 kinh t\u1ebf v\u00e0 m\u00f4i tr\u01b0\u1eddng v\u00ed d\u1ee5 nh\u01b0 bi\u1ebfn \u0111\u1ed5i kh\u00ed h\u1eadu \u0111\u00e3 l\u00e0m l\u1ed9 r\u00f5 ch\u1ea5t l\u01b0\u1ee3ng c\u1ea5p n\u01b0\u1edbc t\u1ea1i m\u1ed9t s\u1ed1 qu\u1ed1c gia c\u00f3 ng\u00e2n s\u00e1ch th\u1ea5p d\u00e0nh cho vi\u1ec7c x\u1eed l\u00fd n\u01b0\u1edbc. Ngay khi b\u1ea1n kh\u00f4ng th\u1ec3 ki\u1ec3m so\u00e1t c\u00e1c y\u1ebfu t\u1ed1 n\u00e0y, b\u1ea1n c\u00f3 th\u1ec3 ki\u1ec3m so\u00e1t ch\u1ea5t l\u01b0\u1ee3ng ngu\u1ed3n n\u01b0\u1edbc t\u1ea1i gia \u0111\u00ecnh b\u1ea1n.<\/p>\n<p>Theo nghi\u00ean c\u1ee9u h\u01a1n 10 n\u0103m v\u1ec1 ch\u1ea5t l\u01b0\u1ee3ng n\u01b0\u1edbc t\u1ea1i nhi\u1ec1u n\u01a1i kh\u00e1c nhau tr\u00ean th\u1ebf gi\u1edbi, HomePure hi\u1ec3u r\u00f5 nhu c\u1ea7u c\u1ee7a b\u1ea1n v\u00e0 \u0111i\u1ec1u ki\u1ec7n n\u01b0\u1edbc \u1edf t\u1eebng \u0111\u1ecba \u0111i\u1ec3m kh\u00e1c nhau. D\u1ef1a tr\u00ean nghi\u00ean c\u1ee9u n\u00e0y, hi\u1ec7n nay c\u00f3 hai v\u1ea5n \u0111\u1ec1 ch\u00ednh c\u1ea7n quan t\u00e2m v\u1ec1 ch\u1ea5t l\u01b0\u1ee3ng n\u01b0\u1edbc: c\u1eb7n m\u1ecbn v\u00e0 n\u01b0\u1edbc c\u1ee9ng. Nh\u1eefng v\u1ea5n \u0111\u1ec1 n\u00e0y khi\u1ebfn b\u1ed9 l\u1ecdc n\u01b0\u1edbc kh\u00f4ng th\u1ec3 ho\u1ea1t \u0111\u1ed9ng \u1edf hi\u1ec7u qu\u1ea3 t\u1ed1i \u0111a.<\/p>\n<p>Ch\u00fang t\u00f4i t\u1ef1 h\u00e0o gi\u1edbi thi\u1ec7u \u0111\u1ebfn b\u1ea1n m\u1ed9t gi\u1ea3i ph\u00e1p, \u0111\u00f3 ch\u00ednh l\u00e0 H\u1ec7 th\u1ed1ng l\u1ecdc n\u01b0\u1edbc ho\u00e0n ch\u1ec9nh HomePure &#8211; chu\u1ed7i c\u00e1c s\u1ea3n ph\u1ea9m l\u1ecdc n\u01b0\u1edbc mang l\u1ea1i cho gia \u0111\u00ecnh b\u1ea1n ngu\u1ed3n n\u01b0\u1edbc Pi s\u1ea1ch, an to\u00e0n v\u00e0 gi\u00e0u d\u01b0\u1ee1ng ch\u1ea5t h\u00e0ng ng\u00e0y.<\/p>\n","protected":false},"excerpt":{"rendered":"<p>H\u1ec7 th\u1ed1ng l\u1ecdc n\u01b0\u1edbc ho\u00e0n ch\u1ec9nh HomePure C\u00e1c v\u1ea5n \u0111\u1ec1 kinh t\u1ebf v\u00e0 m\u00f4i tr\u01b0\u1eddng v\u00ed d\u1ee5 nh\u01b0 bi\u1ebfn \u0111\u1ed5i kh\u00ed h\u1eadu \u0111\u00e3 l\u00e0m l\u1ed9 r\u00f5 ch\u1ea5t l\u01b0\u1ee3ng c\u1ea5p n\u01b0\u1edbc t\u1ea1i m\u1ed9t s\u1ed1 qu\u1ed1c gia c\u00f3 ng\u00e2n s\u00e1ch th\u1ea5p d\u00e0nh cho vi\u1ec7c x\u1eed l\u00fd n\u01b0\u1edbc. Ngay khi b\u1ea1n kh\u00f4ng th\u1ec3 ki\u1ec3m so\u00e1t c\u00e1c y\u1ebfu t\u1ed1 [&hellip;]<\/p>\n","protected":false},"author":3,"featured_media":1298,"parent":1316,"menu_order":0,"comment_status":"closed","ping_status":"closed","template":"","meta":{"_acf_changed":false,"_et_pb_use_builder":"off","_et_pb_old_content":"","_et_gb_content_width":"","footnotes":""},"class_list":["post-1296","page","type-page","status-publish","has-post-thumbnail","hentry"],"acf":[],"_links":{"self":[{"href":"https:\/\/qnproducts.digital\/vi\/wp-json\/wp\/v2\/pages\/1296","targetHints":{"allow":["GET"]}}],"collection":[{"href":"https:\/\/qnproducts.digital\/vi\/wp-json\/wp\/v2\/pages"}],"about":[{"href":"https:\/\/qnproducts.digital\/vi\/wp-json\/wp\/v2\/types\/page"}],"author":[{"embeddable":true,"href":"https:\/\/qnproducts.digital\/vi\/wp-json\/wp\/v2\/users\/3"}],"replies":[{"embeddable":true,"href":"https:\/\/qnproducts.digital\/vi\/wp-json\/wp\/v2\/comments?post=1296"}],"version-history":[{"count":0,"href":"https:\/\/qnproducts.digital\/vi\/wp-json\/wp\/v2\/pages\/1296\/revisions"}],"up":[{"embeddable":true,"href":"https:\/\/qnproducts.digital\/vi\/wp-json\/wp\/v2\/pages\/1316"}],"wp:featuredmedia":[{"embeddable":true,"href":"https:\/\/qnproducts.digital\/vi\/wp-json\/wp\/v2\/media\/1298"}],"wp:attachment":[{"href":"https:\/\/qnproducts.digital\/vi\/wp-json\/wp\/v2\/media?parent=1296"}],"curies":[{"name":"wp","href":"https:\/\/api.w.org\/{rel}","templated":true}]}}