{"id":1288,"date":"2023-08-16T14:36:19","date_gmt":"2023-08-16T14:36:19","guid":{"rendered":"https:\/\/qnproducts.digital\/bio-disc-3\/"},"modified":"2023-11-14T06:58:11","modified_gmt":"2023-11-14T06:58:11","slug":"bio-disc-3","status":"publish","type":"page","link":"https:\/\/qnproducts.digital\/vi\/wellness\/bio-disc-3\/","title":{"rendered":"Bio Disc 3"},"content":{"rendered":"<p><strong>Khai th\u00e1c s\u1ee9c m\u1ea1nh c\u1ee7a c\u00e1c rung \u0111\u1ed9ng t\u1ef1 nhi\u00ean<\/strong><\/p>\n<p>\u0110\u0129a sinh h\u1ecdc Bio Disc 3 c\u1ee7a Amezcua t\u1ea1o ra c\u00e1c rung \u0111\u1ed9ng tinh t\u1ebf \u0111\u1ec3 t\u00e1i c\u1ea5u tr\u00fac n\u01b0\u1edbc b\u1eb1ng c\u00e1ch khai th\u00e1c s\u1ee9c m\u1ea1nh c\u1ee7a n\u0103ng l\u01b0\u1ee3ng l\u01b0\u1ee3ng t\u1eed c\u00f9ng v\u1edbi c\u00e1c h\u00ecnh h\u1ecdc v\u00e0 c\u1ea5u tr\u00fac s\u00f3ng c\u1ee7a thi\u00ean nhi\u00ean. \u0110\u01b0\u1ee3c ch\u1ee9ng nh\u1eadn b\u1edfi nhi\u1ec1u vi\u1ec7n khoa h\u1ecdc, \u0110\u0129a sinh h\u1ecdc Bio Disc 3 \u0111\u01b0\u1ee3c coi l\u00e0 ph\u01b0\u01a1ng th\u1ee9c an to\u00e0n v\u00e0 \u0111\u00e3 \u0111\u01b0\u1ee3c ch\u1ee9ng minh gi\u00fap h\u00e0i h\u00f2a n\u0103ng l\u01b0\u1ee3ng v\u00e0 n\u00e2ng t\u1ea7m ch\u1ea5t l\u01b0\u1ee3ng cu\u1ed9c s\u1ed1ng c\u1ee7a b\u1ea1n.<\/p>\n","protected":false},"excerpt":{"rendered":"<p>Khai th\u00e1c s\u1ee9c m\u1ea1nh c\u1ee7a c\u00e1c rung \u0111\u1ed9ng t\u1ef1 nhi\u00ean \u0110\u0129a sinh h\u1ecdc Bio Disc 3 c\u1ee7a Amezcua t\u1ea1o ra c\u00e1c rung \u0111\u1ed9ng tinh t\u1ebf \u0111\u1ec3 t\u00e1i c\u1ea5u tr\u00fac n\u01b0\u1edbc b\u1eb1ng c\u00e1ch khai th\u00e1c s\u1ee9c m\u1ea1nh c\u1ee7a n\u0103ng l\u01b0\u1ee3ng l\u01b0\u1ee3ng t\u1eed c\u00f9ng v\u1edbi c\u00e1c h\u00ecnh h\u1ecdc v\u00e0 c\u1ea5u tr\u00fac s\u00f3ng c\u1ee7a thi\u00ean nhi\u00ean. \u0110\u01b0\u1ee3c ch\u1ee9ng [&hellip;]<\/p>\n","protected":false},"author":3,"featured_media":1289,"parent":1292,"menu_order":0,"comment_status":"closed","ping_status":"closed","template":"","meta":{"_acf_changed":false,"_et_pb_use_builder":"","_et_pb_old_content":"","_et_gb_content_width":"","footnotes":""},"class_list":["post-1288","page","type-page","status-publish","has-post-thumbnail","hentry"],"acf":[],"_links":{"self":[{"href":"https:\/\/qnproducts.digital\/vi\/wp-json\/wp\/v2\/pages\/1288","targetHints":{"allow":["GET"]}}],"collection":[{"href":"https:\/\/qnproducts.digital\/vi\/wp-json\/wp\/v2\/pages"}],"about":[{"href":"https:\/\/qnproducts.digital\/vi\/wp-json\/wp\/v2\/types\/page"}],"author":[{"embeddable":true,"href":"https:\/\/qnproducts.digital\/vi\/wp-json\/wp\/v2\/users\/3"}],"replies":[{"embeddable":true,"href":"https:\/\/qnproducts.digital\/vi\/wp-json\/wp\/v2\/comments?post=1288"}],"version-history":[{"count":0,"href":"https:\/\/qnproducts.digital\/vi\/wp-json\/wp\/v2\/pages\/1288\/revisions"}],"up":[{"embeddable":true,"href":"https:\/\/qnproducts.digital\/vi\/wp-json\/wp\/v2\/pages\/1292"}],"wp:featuredmedia":[{"embeddable":true,"href":"https:\/\/qnproducts.digital\/vi\/wp-json\/wp\/v2\/media\/1289"}],"wp:attachment":[{"href":"https:\/\/qnproducts.digital\/vi\/wp-json\/wp\/v2\/media?parent=1288"}],"curies":[{"name":"wp","href":"https:\/\/api.w.org\/{rel}","templated":true}]}}