{"id":1261,"date":"2023-08-16T14:34:26","date_gmt":"2023-08-16T14:34:26","guid":{"rendered":"https:\/\/qnproducts.digital\/wellness\/chi-pendant-4\/"},"modified":"2024-01-31T10:38:53","modified_gmt":"2024-01-31T10:38:53","slug":"chi-pendant-4","status":"publish","type":"page","link":"https:\/\/qnproducts.digital\/fr\/wellness\/chi-pendant-4\/","title":{"rendered":"Chi Pendant 4"},"content":{"rendered":"<p>Harmonise l&rsquo;\u00e9nergie de votre vie.<\/p>\n<p>A travers la conception unisex \u00e9tonnante de Chi Pendant 4 qui est bas\u00e9e sur la g\u00e9om\u00e9trie sacr\u00e9e du motif de la Fleur de Vie se trouve la puissante technologie exclusive d&rsquo;Amezcua. Cette technologie maintient des fr\u00e9quences particuli\u00e8res, harmonisant et \u00e9quilibrant le biochamp de la personne qui le porte (champ d&rsquo;\u00e9nergie), favorisant la sant\u00e9 de l&rsquo;ensemble du corps et une performance optimale pour les styles de vie surcharg\u00e9s de nos jours.<\/p>\n","protected":false},"excerpt":{"rendered":"<p>Harmonise l&rsquo;\u00e9nergie de votre vie. A travers la conception unisex \u00e9tonnante de Chi Pendant 4 qui est bas\u00e9e sur la g\u00e9om\u00e9trie sacr\u00e9e du motif de la Fleur de Vie se trouve la puissante technologie exclusive d&rsquo;Amezcua. Cette technologie maintient des fr\u00e9quences particuli\u00e8res, harmonisant et \u00e9quilibrant le biochamp de la personne qui le porte (champ d&rsquo;\u00e9nergie), [&hellip;]<\/p>\n","protected":false},"author":3,"featured_media":848,"parent":1252,"menu_order":0,"comment_status":"closed","ping_status":"closed","template":"","meta":{"_acf_changed":false,"_et_pb_use_builder":"off","_et_pb_old_content":"<strong>Harmonise your life energy.<\/strong>\r\n\r\nWithin Chi Pendant 4\u2019s striking unisex design that is based on the sacred geometry of the Flower of Life pattern, lies Amezcua\u2019s powerful proprietary technology. This technology maintains specific frequencies, harmonising and balancing the wearer\u2019s biofield (energy field), promoting whole-body health and optimal performance for today\u2019s busy lifestyles.","_et_gb_content_width":"","footnotes":""},"class_list":["post-1261","page","type-page","status-publish","has-post-thumbnail","hentry"],"acf":[],"_links":{"self":[{"href":"https:\/\/qnproducts.digital\/fr\/wp-json\/wp\/v2\/pages\/1261","targetHints":{"allow":["GET"]}}],"collection":[{"href":"https:\/\/qnproducts.digital\/fr\/wp-json\/wp\/v2\/pages"}],"about":[{"href":"https:\/\/qnproducts.digital\/fr\/wp-json\/wp\/v2\/types\/page"}],"author":[{"embeddable":true,"href":"https:\/\/qnproducts.digital\/fr\/wp-json\/wp\/v2\/users\/3"}],"replies":[{"embeddable":true,"href":"https:\/\/qnproducts.digital\/fr\/wp-json\/wp\/v2\/comments?post=1261"}],"version-history":[{"count":0,"href":"https:\/\/qnproducts.digital\/fr\/wp-json\/wp\/v2\/pages\/1261\/revisions"}],"up":[{"embeddable":true,"href":"https:\/\/qnproducts.digital\/fr\/wp-json\/wp\/v2\/pages\/1252"}],"wp:featuredmedia":[{"embeddable":true,"href":"https:\/\/qnproducts.digital\/fr\/wp-json\/wp\/v2\/media\/848"}],"wp:attachment":[{"href":"https:\/\/qnproducts.digital\/fr\/wp-json\/wp\/v2\/media?parent=1261"}],"curies":[{"name":"wp","href":"https:\/\/api.w.org\/{rel}","templated":true}]}}