{"id":1240,"date":"2023-08-10T08:16:59","date_gmt":"2023-08-10T08:16:59","guid":{"rendered":"https:\/\/qnproducts.digital\/qlearn\/"},"modified":"2024-01-18T08:35:18","modified_gmt":"2024-01-18T08:35:18","slug":"qlearn","status":"publish","type":"page","link":"https:\/\/qnproducts.digital\/fr\/qlearn\/","title":{"rendered":"qLearn"},"content":{"rendered":"<p><strong>MENEZ LE CHANGEMENT AUQUEL VOUS ASPIREZ !<\/strong><\/p>\n<p>C&rsquo;est le moment pour vous de mener le changement que vous souhaitez voir dans le monde ! Si vous avez toujours voulu vous \u00e9lever et am\u00e9liorer vos opportunit\u00e9s, les cat\u00e9gories \u00e9ducatives de qLearn de la plateforme stable \u00e0 partir de laquelle vous pouvez exceller donc le parcours d&rsquo;Education de QNET fournit un catalogue complet de cours con\u00e7us pour vous aider \u00e0 r\u00e9ussir et canaliser le changement ad\u00e9quat dans votre monde et celui des autres.<\/p>\n<p>qLearn est un p\u00f4le de savoir et de comp\u00e9tences cr\u00e9\u00e9 avec l&rsquo;id\u00e9e de l&rsquo;entrepreneur en devenir. Les programmes qui font partie de qLearn vous \u00e9quipent de comp\u00e9tences n\u00e9cessaires pour construire une activit\u00e9 commerciale et devenir un leader dans un environnement au rythme acc\u00e9l\u00e9r\u00e9.<\/p>\n","protected":false},"excerpt":{"rendered":"<p>MENEZ LE CHANGEMENT AUQUEL VOUS ASPIREZ ! C&rsquo;est le moment pour vous de mener le changement que vous souhaitez voir dans le monde ! Si vous avez toujours voulu vous \u00e9lever et am\u00e9liorer vos opportunit\u00e9s, les cat\u00e9gories \u00e9ducatives de qLearn de la plateforme stable \u00e0 partir de laquelle vous pouvez exceller donc le parcours d&rsquo;Education [&hellip;]<\/p>\n","protected":false},"author":3,"featured_media":724,"parent":0,"menu_order":0,"comment_status":"closed","ping_status":"closed","template":"","meta":{"_acf_changed":false,"_et_pb_use_builder":"","_et_pb_old_content":"","_et_gb_content_width":"","footnotes":""},"class_list":["post-1240","page","type-page","status-publish","has-post-thumbnail","hentry"],"acf":[],"_links":{"self":[{"href":"https:\/\/qnproducts.digital\/fr\/wp-json\/wp\/v2\/pages\/1240","targetHints":{"allow":["GET"]}}],"collection":[{"href":"https:\/\/qnproducts.digital\/fr\/wp-json\/wp\/v2\/pages"}],"about":[{"href":"https:\/\/qnproducts.digital\/fr\/wp-json\/wp\/v2\/types\/page"}],"author":[{"embeddable":true,"href":"https:\/\/qnproducts.digital\/fr\/wp-json\/wp\/v2\/users\/3"}],"replies":[{"embeddable":true,"href":"https:\/\/qnproducts.digital\/fr\/wp-json\/wp\/v2\/comments?post=1240"}],"version-history":[{"count":0,"href":"https:\/\/qnproducts.digital\/fr\/wp-json\/wp\/v2\/pages\/1240\/revisions"}],"wp:featuredmedia":[{"embeddable":true,"href":"https:\/\/qnproducts.digital\/fr\/wp-json\/wp\/v2\/media\/724"}],"wp:attachment":[{"href":"https:\/\/qnproducts.digital\/fr\/wp-json\/wp\/v2\/media?parent=1240"}],"curies":[{"name":"wp","href":"https:\/\/api.w.org\/{rel}","templated":true}]}}