{"id":1225,"date":"2023-08-16T14:11:18","date_gmt":"2023-08-16T14:11:18","guid":{"rendered":"https:\/\/qnproducts.digital\/home-and-living\/homepure-zayn-antiviral-blitz\/"},"modified":"2024-01-18T08:34:09","modified_gmt":"2024-01-18T08:34:09","slug":"homepure-zayn-antiviral-blitz","status":"publish","type":"page","link":"https:\/\/qnproducts.digital\/fr\/home-and-living\/homepure-zayn-antiviral-blitz\/","title":{"rendered":"HomePure Zayn Antiviral Blitz"},"content":{"rendered":"<p><strong>Votre HomePure Zayn c&rsquo;est un appareil antiviral formidable !<\/strong><br \/>\nLe nouveau HomePure Zayn est maintenant un syst\u00e8me de purification \u00e0 6 \u00e9tapes qui utilise la protection puissante \u00e0 couches de filtration HPP+ pour purifier l&rsquo;air respir\u00e9 avant que vous le respiriez. Le purificateur d\u00e9barrasse votre environnement int\u00e9rieur jusqu&rsquo;\u00e0 99,8% des bact\u00e9ries, des Compos\u00e9s Organiques Volatils (COV) et des mauvaises odeurs en suspension dans l&rsquo;air.<\/p>\n<p>En outre, la nouvelle maille du filtre antiviral ajoute \u00e0 cette protection une autre couche de filtration qui combat 99,94% des virus dans l&rsquo;air comme le SARS-CoV-2 (Omicron\/B.1.1.529 Variant).<\/p>\n<p>D\u00e9velopp\u00e9 en Suisse, fabriqu\u00e9 en Cor\u00e9e du Sud, test\u00e9 et certifi\u00e9 par l&rsquo;European Centre for Allergy Research Foundation (ECARF), HomePure Zayn c&rsquo;est une combinaison de la puissance du film \u00e9lectrostatique HPP+, la Lumi\u00e8re Ultraviolet (UV), la technologie de filtre \u00e0 Ion Ultra-Plasma et la filtration antivirale HPP+ en un seul appareil puissant mais \u00e9l\u00e9gant qui apporte \u00e0 votre maison de l&rsquo;air pur et sain tous les jours.<\/p>\n","protected":false},"excerpt":{"rendered":"<p>Votre HomePure Zayn c&rsquo;est un appareil antiviral formidable ! Le nouveau HomePure Zayn est maintenant un syst\u00e8me de purification \u00e0 6 \u00e9tapes qui utilise la protection puissante \u00e0 couches de filtration HPP+ pour purifier l&rsquo;air respir\u00e9 avant que vous le respiriez. Le purificateur d\u00e9barrasse votre environnement int\u00e9rieur jusqu&rsquo;\u00e0 99,8% des bact\u00e9ries, des Compos\u00e9s Organiques Volatils [&hellip;]<\/p>\n","protected":false},"author":3,"featured_media":752,"parent":1213,"menu_order":0,"comment_status":"closed","ping_status":"closed","template":"","meta":{"_acf_changed":false,"_et_pb_use_builder":"","_et_pb_old_content":"","_et_gb_content_width":"","footnotes":""},"class_list":["post-1225","page","type-page","status-publish","has-post-thumbnail","hentry"],"acf":[],"_links":{"self":[{"href":"https:\/\/qnproducts.digital\/fr\/wp-json\/wp\/v2\/pages\/1225","targetHints":{"allow":["GET"]}}],"collection":[{"href":"https:\/\/qnproducts.digital\/fr\/wp-json\/wp\/v2\/pages"}],"about":[{"href":"https:\/\/qnproducts.digital\/fr\/wp-json\/wp\/v2\/types\/page"}],"author":[{"embeddable":true,"href":"https:\/\/qnproducts.digital\/fr\/wp-json\/wp\/v2\/users\/3"}],"replies":[{"embeddable":true,"href":"https:\/\/qnproducts.digital\/fr\/wp-json\/wp\/v2\/comments?post=1225"}],"version-history":[{"count":0,"href":"https:\/\/qnproducts.digital\/fr\/wp-json\/wp\/v2\/pages\/1225\/revisions"}],"up":[{"embeddable":true,"href":"https:\/\/qnproducts.digital\/fr\/wp-json\/wp\/v2\/pages\/1213"}],"wp:featuredmedia":[{"embeddable":true,"href":"https:\/\/qnproducts.digital\/fr\/wp-json\/wp\/v2\/media\/752"}],"wp:attachment":[{"href":"https:\/\/qnproducts.digital\/fr\/wp-json\/wp\/v2\/media?parent=1225"}],"curies":[{"name":"wp","href":"https:\/\/api.w.org\/{rel}","templated":true}]}}