{"id":1222,"date":"2023-08-16T12:30:23","date_gmt":"2023-08-16T12:30:23","guid":{"rendered":"https:\/\/qnproducts.digital\/home-and-living\/homepure-viva\/"},"modified":"2024-01-18T08:30:07","modified_gmt":"2024-01-18T08:30:07","slug":"homepure-viva","status":"publish","type":"page","link":"https:\/\/qnproducts.digital\/fr\/home-and-living\/homepure-viva\/","title":{"rendered":"HomePure Viva"},"content":{"rendered":"<p><strong>HomePure Viva Ioniseur \u00e0 eau<\/strong><br \/>\n<strong>Obtenir le maximum de votre eau<\/strong><\/p>\n<p>On utilise l&rsquo;eau de plusieurs mani\u00e8res dans la maison. En laissant infuser le th\u00e9 dans une th\u00e9i\u00e8re ou en arrosant nos plantes d&rsquo;int\u00e9rieur ou en nettoyant le sol de la cuisine, la liste des r\u00f4les important de l&rsquo;eau dans notre vie quotidienne est sans fin pratiquement.<\/p>\n<p>Mais l&rsquo;eau n&rsquo;est pas un programme taill\u00e9 sur mesure. Par exemple, le taux de pH alcalin qui rend l&rsquo;eau la plus saine \u00e0 boire au monde est diff\u00e9rent du taux de pH acide mieux adapt\u00e9 pour d\u00e9sinfecter les plans de travail. Donc, pourquoi utilise-t-on la m\u00eame eau pour tout usage ?<\/p>\n<p>L&rsquo;ioniseur \u00e0 eau HomePure Viva sait comment produire la bonne eau pour l&rsquo;usage ad\u00e9quat en utilisant l&rsquo;\u00e9lectrolyse pour personnaliser l&rsquo;eau de votre robinet selon la t\u00e2che \u00e0 effectuer. Si vous buvez de l&rsquo;eau, nettoyez, lavez, pr\u00e9parez les repas, HomePure Viva traite l&rsquo;eau pour fournir 11 types diff\u00e9rents d&rsquo;eau pour tous les besoins au quotidien.<\/p>\n","protected":false},"excerpt":{"rendered":"<p>HomePure Viva Ioniseur \u00e0 eau Obtenir le maximum de votre eau On utilise l&rsquo;eau de plusieurs mani\u00e8res dans la maison. En laissant infuser le th\u00e9 dans une th\u00e9i\u00e8re ou en arrosant nos plantes d&rsquo;int\u00e9rieur ou en nettoyant le sol de la cuisine, la liste des r\u00f4les important de l&rsquo;eau dans notre vie quotidienne est sans [&hellip;]<\/p>\n","protected":false},"author":3,"featured_media":718,"parent":1213,"menu_order":0,"comment_status":"closed","ping_status":"closed","template":"","meta":{"_acf_changed":false,"_et_pb_use_builder":"","_et_pb_old_content":"","_et_gb_content_width":"","footnotes":""},"class_list":["post-1222","page","type-page","status-publish","has-post-thumbnail","hentry"],"acf":[],"_links":{"self":[{"href":"https:\/\/qnproducts.digital\/fr\/wp-json\/wp\/v2\/pages\/1222","targetHints":{"allow":["GET"]}}],"collection":[{"href":"https:\/\/qnproducts.digital\/fr\/wp-json\/wp\/v2\/pages"}],"about":[{"href":"https:\/\/qnproducts.digital\/fr\/wp-json\/wp\/v2\/types\/page"}],"author":[{"embeddable":true,"href":"https:\/\/qnproducts.digital\/fr\/wp-json\/wp\/v2\/users\/3"}],"replies":[{"embeddable":true,"href":"https:\/\/qnproducts.digital\/fr\/wp-json\/wp\/v2\/comments?post=1222"}],"version-history":[{"count":0,"href":"https:\/\/qnproducts.digital\/fr\/wp-json\/wp\/v2\/pages\/1222\/revisions"}],"up":[{"embeddable":true,"href":"https:\/\/qnproducts.digital\/fr\/wp-json\/wp\/v2\/pages\/1213"}],"wp:featuredmedia":[{"embeddable":true,"href":"https:\/\/qnproducts.digital\/fr\/wp-json\/wp\/v2\/media\/718"}],"wp:attachment":[{"href":"https:\/\/qnproducts.digital\/fr\/wp-json\/wp\/v2\/media?parent=1222"}],"curies":[{"name":"wp","href":"https:\/\/api.w.org\/{rel}","templated":true}]}}