{"id":1216,"date":"2023-08-16T14:09:35","date_gmt":"2023-08-16T14:09:35","guid":{"rendered":"https:\/\/qnproducts.digital\/home-and-living\/homepure-complete-water-line\/"},"modified":"2024-01-18T08:33:00","modified_gmt":"2024-01-18T08:33:00","slug":"homepure-complete-water-line","status":"publish","type":"page","link":"https:\/\/qnproducts.digital\/fr\/home-and-living\/homepure-complete-water-line\/","title":{"rendered":"HomePure Complete Water Line"},"content":{"rendered":"<p><strong>La ligne d&rsquo;Eau compl\u00e8te HomePure<\/strong><\/p>\n<p>Les probl\u00e8mes \u00e9conomiques et environnementaux comme le changement climatique ont mis en \u00e9vidence la qualit\u00e9 de l&rsquo;approvisionnement en eau dans certains pays aux faibles budgets consacr\u00e9s au traitement de l&rsquo;eau. Si on ne peut pas ma\u00eetriser ces facteurs, on peut toutefois ma\u00eetriser la qualit\u00e9 de l&rsquo;eau dans son propre foyer.<\/p>\n<p>Au terme de plus de 10 ann\u00e9es de recherche en qualit\u00e9 de l&rsquo;eau dans plusieurs r\u00e9gions du monde, HomePure comprend vos besoins ainsi que les conditions de l&rsquo;eau en fonction de chaque endroit. En se basant sur nos \u00e9tudes, il existe \u00e0 ce jour deux probl\u00e8mes majeurs concernant la qualit\u00e9 de l&rsquo;eau : les s\u00e9diments fins et la duret\u00e9 de l&rsquo;eau. Ces facteurs emp\u00eachent le filtre \u00e0 eau de fonctionner selon une performance optimale.<\/p>\n<p>En guise de solution, nous sommes fiers de vous pr\u00e9senter la Ligne d&rsquo;Eau compl\u00e8te HomePure \u2013 une gamme de produits de filtration d&rsquo;eau qui garantit une Eau-Pi pure, s\u00fbre et nourrissante dans votre foyer, tous les jours.<\/p>\n","protected":false},"excerpt":{"rendered":"<p>La ligne d&rsquo;Eau compl\u00e8te HomePure Les probl\u00e8mes \u00e9conomiques et environnementaux comme le changement climatique ont mis en \u00e9vidence la qualit\u00e9 de l&rsquo;approvisionnement en eau dans certains pays aux faibles budgets consacr\u00e9s au traitement de l&rsquo;eau. Si on ne peut pas ma\u00eetriser ces facteurs, on peut toutefois ma\u00eetriser la qualit\u00e9 de l&rsquo;eau dans son propre foyer. [&hellip;]<\/p>\n","protected":false},"author":3,"featured_media":757,"parent":1213,"menu_order":0,"comment_status":"closed","ping_status":"closed","template":"","meta":{"_acf_changed":false,"_et_pb_use_builder":"off","_et_pb_old_content":"","_et_gb_content_width":"","footnotes":""},"class_list":["post-1216","page","type-page","status-publish","has-post-thumbnail","hentry"],"acf":[],"_links":{"self":[{"href":"https:\/\/qnproducts.digital\/fr\/wp-json\/wp\/v2\/pages\/1216","targetHints":{"allow":["GET"]}}],"collection":[{"href":"https:\/\/qnproducts.digital\/fr\/wp-json\/wp\/v2\/pages"}],"about":[{"href":"https:\/\/qnproducts.digital\/fr\/wp-json\/wp\/v2\/types\/page"}],"author":[{"embeddable":true,"href":"https:\/\/qnproducts.digital\/fr\/wp-json\/wp\/v2\/users\/3"}],"replies":[{"embeddable":true,"href":"https:\/\/qnproducts.digital\/fr\/wp-json\/wp\/v2\/comments?post=1216"}],"version-history":[{"count":0,"href":"https:\/\/qnproducts.digital\/fr\/wp-json\/wp\/v2\/pages\/1216\/revisions"}],"up":[{"embeddable":true,"href":"https:\/\/qnproducts.digital\/fr\/wp-json\/wp\/v2\/pages\/1213"}],"wp:featuredmedia":[{"embeddable":true,"href":"https:\/\/qnproducts.digital\/fr\/wp-json\/wp\/v2\/media\/757"}],"wp:attachment":[{"href":"https:\/\/qnproducts.digital\/fr\/wp-json\/wp\/v2\/media?parent=1216"}],"curies":[{"name":"wp","href":"https:\/\/api.w.org\/{rel}","templated":true}]}}